{"id":65,"date":"2017-12-16T09:47:08","date_gmt":"2017-12-16T09:47:08","guid":{"rendered":"http:\/\/stardust-unlimited.com\/?page_id=65"},"modified":"2018-03-18T13:00:12","modified_gmt":"2018-03-18T13:00:12","slug":"blog","status":"publish","type":"page","link":"https:\/\/stardust-unlimited.com\/?page_id=65","title":{"rendered":"BLOG"},"content":{"rendered":"<blockquote class=\"wp-embedded-content\" data-secret=\"kQbF3SCo2l\"><p><a href=\"http:\/\/stardust-unlimited.com\/?p=382\">Ziemlich beste Freunde: Albert Einstein und Michele Besso<\/a><\/p><\/blockquote>\n<p><iframe class=\"wp-embedded-content\" sandbox=\"allow-scripts\" security=\"restricted\" style=\"position: absolute; clip: rect(1px, 1px, 1px, 1px);\" src=\"http:\/\/stardust-unlimited.com\/?p=382&#038;embed=true#?secret=kQbF3SCo2l\" data-secret=\"kQbF3SCo2l\" width=\"600\" height=\"338\" title=\"&#8222;Ziemlich beste Freunde: Albert Einstein und Michele Besso&#8220; &#8212; Einsteins Tr\u00e4ume in der Schweiz\" frameborder=\"0\" marginwidth=\"0\" marginheight=\"0\" scrolling=\"no\"><\/iframe><\/p>\n<blockquote class=\"wp-embedded-content\" data-secret=\"jqTeVk1ezm\"><p><a href=\"http:\/\/stardust-unlimited.com\/?p=102\">Einsteins Tr\u00e4ume Information f\u00fcr Schule und Bildung<\/a><\/p><\/blockquote>\n<p><iframe class=\"wp-embedded-content\" sandbox=\"allow-scripts\" security=\"restricted\" style=\"position: absolute; clip: rect(1px, 1px, 1px, 1px);\" src=\"http:\/\/stardust-unlimited.com\/?p=102&#038;embed=true#?secret=jqTeVk1ezm\" data-secret=\"jqTeVk1ezm\" width=\"600\" height=\"338\" title=\"&#8222;Einsteins Tr\u00e4ume Information f\u00fcr Schule und Bildung&#8220; &#8212; Einsteins Tr\u00e4ume in der Schweiz\" frameborder=\"0\" marginwidth=\"0\" marginheight=\"0\" scrolling=\"no\"><\/iframe><\/p>\n<blockquote class=\"wp-embedded-content\" data-secret=\"D0iknwHX6a\"><p><a href=\"http:\/\/stardust-unlimited.com\/?p=1\">Ich bin ehrw\u00fcrdiger eidgen\u00f6ssischer Tintenscheisser&#8230;.<\/a><\/p><\/blockquote>\n<p><iframe class=\"wp-embedded-content\" sandbox=\"allow-scripts\" security=\"restricted\" style=\"position: absolute; clip: rect(1px, 1px, 1px, 1px);\" src=\"http:\/\/stardust-unlimited.com\/?p=1&#038;embed=true#?secret=D0iknwHX6a\" data-secret=\"D0iknwHX6a\" width=\"600\" height=\"338\" title=\"&#8222;Ich bin ehrw\u00fcrdiger eidgen\u00f6ssischer Tintenscheisser&#8230;.&#8220; &#8212; Einsteins Tr\u00e4ume in der Schweiz\" frameborder=\"0\" marginwidth=\"0\" marginheight=\"0\" scrolling=\"no\"><\/iframe><\/p>\n<p>&nbsp;<\/p>\n","protected":false},"excerpt":{"rendered":"<p>Ziemlich beste Freunde: Albert Einstein und Michele Besso Einsteins Tr\u00e4ume Information f\u00fcr Schule und Bildung Ich bin ehrw\u00fcrdiger eidgen\u00f6ssischer Tintenscheisser&#8230;. &nbsp;<\/p>\n","protected":false},"author":1,"featured_media":0,"parent":0,"menu_order":0,"comment_status":"closed","ping_status":"closed","template":"","meta":{"_bbp_topic_count":0,"_bbp_reply_count":0,"_bbp_total_topic_count":0,"_bbp_total_reply_count":0,"_bbp_voice_count":0,"_bbp_anonymous_reply_count":0,"_bbp_topic_count_hidden":0,"_bbp_reply_count_hidden":0,"_bbp_forum_subforum_count":0},"_links":{"self":[{"href":"https:\/\/stardust-unlimited.com\/index.php?rest_route=\/wp\/v2\/pages\/65"}],"collection":[{"href":"https:\/\/stardust-unlimited.com\/index.php?rest_route=\/wp\/v2\/pages"}],"about":[{"href":"https:\/\/stardust-unlimited.com\/index.php?rest_route=\/wp\/v2\/types\/page"}],"author":[{"embeddable":true,"href":"https:\/\/stardust-unlimited.com\/index.php?rest_route=\/wp\/v2\/users\/1"}],"replies":[{"embeddable":true,"href":"https:\/\/stardust-unlimited.com\/index.php?rest_route=%2Fwp%2Fv2%2Fcomments&post=65"}],"version-history":[{"count":5,"href":"https:\/\/stardust-unlimited.com\/index.php?rest_route=\/wp\/v2\/pages\/65\/revisions"}],"predecessor-version":[{"id":718,"href":"https:\/\/stardust-unlimited.com\/index.php?rest_route=\/wp\/v2\/pages\/65\/revisions\/718"}],"wp:attachment":[{"href":"https:\/\/stardust-unlimited.com\/index.php?rest_route=%2Fwp%2Fv2%2Fmedia&parent=65"}],"curies":[{"name":"wp","href":"https:\/\/api.w.org\/{rel}","templated":true}]}}