{"id":2,"date":"2017-01-10T03:48:21","date_gmt":"2017-01-10T03:48:21","guid":{"rendered":"http:\/\/stardust-unlimited.com\/?page_id=2"},"modified":"2021-01-17T13:11:57","modified_gmt":"2021-01-17T13:11:57","slug":"sample-page","status":"publish","type":"page","link":"https:\/\/stardust-unlimited.com\/","title":{"rendered":"Urauff\u00fchrung !"},"content":{"rendered":"<h3 style=\"text-align: center;\"><span style=\"color: #008000;\">Wegen des Corona Virus k\u00f6nnen wir bis nach Ostern 2021 voraussichtlich keine Vorstellungen in Schulen spielen, schade !<\/span><\/h3>\n<h2 style=\"text-align: center;\"><span style=\"color: #ff0000;\">Einsteins Tr\u00e4ume in der Schweiz<\/span><\/h2>\n<h3 style=\"text-align: center;\"><span style=\"color: #333333;\">Eine szenische Lesung mit Musik<\/span><\/h3>\n<div class=\"layoutArea\">\n<div class=\"column\">\n<h4 style=\"text-align: center;\"><span style=\"color: #000080;\">Im Fr\u00fchjahr des Jahres 1905 sitzt der junge Albert Einstein<\/span><\/h4>\n<\/div>\n<\/div>\n<h4 style=\"text-align: center;\"><span style=\"color: #000080;\">um sechs Uhr morgens v\u00f6llig \u00fcberm\u00fcdet an seinem Schreibtisch<\/span><\/h4>\n<h4 style=\"text-align: center;\"><span style=\"color: #000080;\">im \u201eEidgen\u00f6ssischen Amt f\u00fcr geistiges Eigentum\u201c in Bern.<\/span><\/h4>\n<h4 style=\"text-align: center;\"><span style=\"color: #000080;\">Seine Haare sind ungek\u00e4mmt, seine Hose zu weit.<\/span><\/h4>\n<h4 style=\"text-align: center;\">\u00a0<span style=\"color: #000080;\">In seiner Hand h\u00e4lt er zwanzig Seiten mit seiner neuen<\/span><\/h4>\n<h4 style=\"text-align: center;\"><span style=\"color: #000080;\">Theorie der Zeit.<\/span><\/h4>\n<h4 style=\"text-align: center;\"><span style=\"color: #000080;\">Von den vielen m\u00f6glichen Visionen der Zeit,<\/span><\/h4>\n<h4 style=\"text-align: center;\"><span style=\"color: #000080;\"> ertr\u00e4umt in ebenso vielen N\u00e4chten,\u00a0<\/span><\/h4>\n<h4 style=\"text-align: center;\"><span style=\"color: #000080;\">erscheint ihm nur diese eine zwingend zu sein!<\/span><\/h4>\n<h4><\/h4>\n<h4 style=\"text-align: center;\"><span style=\"color: #333333;\">In unserer szenischen Lesung begeben wir uns auf die Spuren von Albert Einstein und dessen einstigen Studienkollegen Michele Besso. Und zwar\u00a0direkt in das \u201eEidgen\u00f6ssiche Amt f\u00fcr geistiges Eigentum\u201c in Bern im Jahr 1905, Einsteins \u201eWunderjahr\u201c, in welchem er als gerade einmal 26j\u00e4hriger Patentbeamter und Familienvater die Welt des Physik revolutionierte und auf den Kopf stellte.\u00a0<\/span><span style=\"color: #333333;\">Besso\u00a0war \u00fcber ein halbes Jahrhundert Einsteins engster Freund, nicht nur als\u00a0wissenschaftlicher Wegbegleiter in der Berner Zeit, sondern auch sp\u00e4ter\u00a0als Vermittler in Einsteins Familiendrama &#8230; \u00a0<\/span><span style=\"color: #333333;\">ein spannender, humorvoller\u00a0und lehrreicher Abend!<\/span><\/h4>\n<h4 style=\"text-align: center;\"><span style=\"color: #000000;\">Aus der Faszination der &#8220;Relativit\u00e4tstheorie&#8221;, da\u00df die Zeit keine absolute Konstante, sondern ein relativer Wert ist, sch\u00f6pft der amerikanische Astrophysiker und Essayist Alan Lightman die Anregung f\u00fcr seinen 1993 erschienenen Romanbestseller &#8220;Einstein\u00b4s Dreams&#8221;, welcher der Ausgangspunkt unserer Adaption ist.<\/span><\/h4>\n<div class=\"layoutArea\">\n<h4 style=\"text-align: center;\"><span style=\"color: #666699;\">Dauer: 90 Minuten inklusive Pause<\/span><\/h4>\n<h4 style=\"text-align: center;\"><span style=\"color: #000080;\">von und mit Christian Sprecher (Chur), Jesse Garon (Berlin)<\/span><\/h4>\n<h5 style=\"text-align: center;\"><span style=\"color: #993366;\">Fotos und die Rezension zur Premiere im Theater Klib\u00fchni Chur sowie zu den Vorauff\u00fchrungen in Berlin und Arosa befinden sich unter Informationen. Oder einfach den link unten anklicken.<\/span><\/h5>\n<p style=\"text-align: center;\"><strong><a href=\"http:\/\/stardust-unlimited.com\/?page_id=64\">http:\/\/stardust-unlimited.com\/?page_id=64<\/a><\/strong><\/p>\n<\/div>\n","protected":false},"excerpt":{"rendered":"<p>Wegen des Corona Virus k\u00f6nnen wir bis nach Ostern 2021 voraussichtlich keine Vorstellungen in Schulen spielen, schade ! Einsteins Tr\u00e4ume in der Schweiz Eine szenische Lesung mit Musik Im Fr\u00fchjahr des Jahres 1905 sitzt der junge Albert Einstein um sechs Uhr morgens v\u00f6llig \u00fcberm\u00fcdet an seinem Schreibtisch im \u201eEidgen\u00f6ssischen Amt f\u00fcr geistiges Eigentum\u201c in Bern. [&hellip;]<\/p>\n","protected":false},"author":1,"featured_media":144,"parent":0,"menu_order":0,"comment_status":"closed","ping_status":"open","template":"","meta":{"_bbp_topic_count":0,"_bbp_reply_count":0,"_bbp_total_topic_count":0,"_bbp_total_reply_count":0,"_bbp_voice_count":0,"_bbp_anonymous_reply_count":0,"_bbp_topic_count_hidden":0,"_bbp_reply_count_hidden":0,"_bbp_forum_subforum_count":0},"_links":{"self":[{"href":"https:\/\/stardust-unlimited.com\/index.php?rest_route=\/wp\/v2\/pages\/2"}],"collection":[{"href":"https:\/\/stardust-unlimited.com\/index.php?rest_route=\/wp\/v2\/pages"}],"about":[{"href":"https:\/\/stardust-unlimited.com\/index.php?rest_route=\/wp\/v2\/types\/page"}],"author":[{"embeddable":true,"href":"https:\/\/stardust-unlimited.com\/index.php?rest_route=\/wp\/v2\/users\/1"}],"replies":[{"embeddable":true,"href":"https:\/\/stardust-unlimited.com\/index.php?rest_route=%2Fwp%2Fv2%2Fcomments&post=2"}],"version-history":[{"count":37,"href":"https:\/\/stardust-unlimited.com\/index.php?rest_route=\/wp\/v2\/pages\/2\/revisions"}],"predecessor-version":[{"id":831,"href":"https:\/\/stardust-unlimited.com\/index.php?rest_route=\/wp\/v2\/pages\/2\/revisions\/831"}],"wp:featuredmedia":[{"embeddable":true,"href":"https:\/\/stardust-unlimited.com\/index.php?rest_route=\/wp\/v2\/media\/144"}],"wp:attachment":[{"href":"https:\/\/stardust-unlimited.com\/index.php?rest_route=%2Fwp%2Fv2%2Fmedia&parent=2"}],"curies":[{"name":"wp","href":"https:\/\/api.w.org\/{rel}","templated":true}]}}